{"id":8,"date":"2023-03-10T19:26:36","date_gmt":"2023-03-10T19:26:36","guid":{"rendered":"http:\/\/www.biuro-kadrowe.pl\/?page_id=8"},"modified":"2023-04-08T19:19:39","modified_gmt":"2023-04-08T19:19:39","slug":"strona-glowna","status":"publish","type":"page","link":"http:\/\/www.biuro-kadrowe.pl\/","title":{"rendered":"Strona g\u0142\u00f3wna"},"content":{"rendered":"\n<div class=\"wp-duotone-333-ccc-2 wp-block-cover alignfull\" style=\"min-height:529px\"><span aria-hidden=\"true\" class=\"wp-block-cover__background has-background-dim-0 has-background-dim\"><\/span><img decoding=\"async\" loading=\"lazy\" width=\"1920\" height=\"1358\" class=\"wp-block-cover__image-background wp-image-33\" alt=\"\" src=\"http:\/\/www.biuro-kadrowe.pl\/wp-content\/uploads\/2023\/03\/entrepreneur-g513e2039f_1920-1.jpg\" data-object-fit=\"cover\" srcset=\"http:\/\/www.biuro-kadrowe.pl\/wp-content\/uploads\/2023\/03\/entrepreneur-g513e2039f_1920-1.jpg 1920w, http:\/\/www.biuro-kadrowe.pl\/wp-content\/uploads\/2023\/03\/entrepreneur-g513e2039f_1920-1-300x212.jpg 300w, http:\/\/www.biuro-kadrowe.pl\/wp-content\/uploads\/2023\/03\/entrepreneur-g513e2039f_1920-1-1024x724.jpg 1024w, http:\/\/www.biuro-kadrowe.pl\/wp-content\/uploads\/2023\/03\/entrepreneur-g513e2039f_1920-1-768x543.jpg 768w, http:\/\/www.biuro-kadrowe.pl\/wp-content\/uploads\/2023\/03\/entrepreneur-g513e2039f_1920-1-1536x1086.jpg 1536w\" sizes=\"(max-width: 1920px) 100vw, 1920px\" \/><div class=\"wp-block-cover__inner-container\">\n<h1 class=\"has-text-align-center has-text-color\" style=\"color: #ffffff;\">Kompleksowa obs\u0142uga <br>kadrowo-p\u0142acowa<\/h1>\n\n\n\n<div class=\"wp-block-buttons is-content-justification-center is-layout-flex wp-container-1\">\n<div class=\"wp-block-button is-style-primary\"><a class=\"wp-block-button__link wp-element-button\" href=\"http:\/\/www.biuro-kadrowe.pl\/index.php\/uslugi-kadrowo-placowe\/\">Dowiedz si\u0119 wi\u0119cej<\/a><\/div>\n\n\n\n<div class=\"wp-block-button is-style-secondary\"><a class=\"wp-block-button__link wp-element-button\" href=\"http:\/\/www.biuro-kadrowe.pl\/index.php\/contact\/\">Kontakt<\/a><\/div>\n<\/div>\n\n\n\n<p><\/p>\n<\/div><\/div>\n\n\n\n<div style=\"height:80px\" aria-hidden=\"true\" class=\"wp-block-spacer\"><\/div>\n\n\n\n<div class=\"wp-block-columns is-layout-flex wp-container-6\">\n<div class=\"wp-block-column is-layout-flow\"><div class=\"wp-block-image icon-style is-style-default\">\n<figure class=\"aligncenter is-resized\"><img decoding=\"async\" loading=\"lazy\" src=\"http:\/\/www.biuro-kadrowe.pl\/wp-content\/themes\/neve\/assets\/img\/starter-content\/icon-03.svg\" alt=\"\" width=\"48\" height=\"48\"\/><\/figure><\/div>\n\n\n<h3 class=\"has-text-align-center has-neve-text-color-color has-text-color wp-block-heading\">Profesjonalizm<\/h3>\n\n\n\n<p class=\"has-text-align-center\">Posiadamy wieloletnie do\u015bwiadczenie w naliczaniu zar\u00f3wno prostych jak i skomplikowanych list p\u0142ac<\/p>\n\n\n\n<div style=\"height:20px\" aria-hidden=\"true\" class=\"wp-block-spacer\"><\/div>\n<\/div>\n\n\n\n<div class=\"wp-block-column is-layout-flow\"><div class=\"wp-block-image icon-style is-style-default\">\n<figure class=\"aligncenter\"><img decoding=\"async\" src=\"http:\/\/www.biuro-kadrowe.pl\/wp-content\/themes\/neve\/assets\/img\/starter-content\/icon-02.svg\" alt=\"\"\/><\/figure><\/div>\n\n\n<h3 class=\"has-text-align-center has-neve-text-color-color has-text-color wp-block-heading\">Raporty w czasie rzeczywistym<\/h3>\n\n\n\n<p class=\"has-text-align-center\">Korzystaj\u0105c z naszych us\u0142ug masz dost\u0119p on-line do raport\u00f3w kadrowo-p\u0142acowych w czasie rzeczywistym <\/p>\n\n\n\n<div style=\"height:20px\" aria-hidden=\"true\" class=\"wp-block-spacer\"><\/div>\n<\/div>\n\n\n\n<div class=\"wp-block-column is-layout-flow\"><div class=\"wp-block-image icon-style is-style-rounded\">\n<figure class=\"aligncenter is-resized\"><img decoding=\"async\" loading=\"lazy\" src=\"http:\/\/www.biuro-kadrowe.pl\/wp-content\/themes\/neve\/assets\/img\/starter-content\/icon-01.svg\" alt=\"\" width=\"48\" height=\"48\"\/><\/figure><\/div>\n\n\n<h3 class=\"has-text-align-center has-neve-text-color-color has-text-color wp-block-heading\">Automatyzacja <\/h3>\n\n\n\n<p class=\"has-text-align-center\">Dzi\u0119ki portalowi pracowniczemu automatyzujemy znaczn\u0105 cz\u0119\u015b\u0107 proces\u00f3w  i obiegu dokument\u00f3w<\/p>\n\n\n\n<div style=\"height:20px\" aria-hidden=\"true\" class=\"wp-block-spacer\"><\/div>\n<\/div>\n<\/div>\n","protected":false},"excerpt":{"rendered":"<p>Profesjonalizm Posiadamy wieloletnie do\u015bwiadczenie w naliczaniu zar\u00f3wno prostych jak i skomplikowanych list p\u0142ac Raporty w czasie rzeczywistym Korzystaj\u0105c z naszych us\u0142ug masz dost\u0119p on-line do raport\u00f3w kadrowo-p\u0142acowych w czasie rzeczywistym Automatyzacja Dzi\u0119ki portalowi pracowniczemu automatyzujemy znaczn\u0105 cz\u0119\u015b\u0107 proces\u00f3w i obiegu dokument\u00f3w<\/p>\n","protected":false},"author":1,"featured_media":0,"parent":0,"menu_order":0,"comment_status":"closed","ping_status":"closed","template":"","meta":{"neve_meta_sidebar":"","neve_meta_container":"","neve_meta_enable_content_width":"on","neve_meta_content_width":100,"neve_meta_title_alignment":"","neve_meta_author_avatar":"","neve_post_elements_order":"","neve_meta_disable_header":"","neve_meta_disable_footer":"","neve_meta_disable_title":"on"},"_links":{"self":[{"href":"http:\/\/www.biuro-kadrowe.pl\/index.php\/wp-json\/wp\/v2\/pages\/8"}],"collection":[{"href":"http:\/\/www.biuro-kadrowe.pl\/index.php\/wp-json\/wp\/v2\/pages"}],"about":[{"href":"http:\/\/www.biuro-kadrowe.pl\/index.php\/wp-json\/wp\/v2\/types\/page"}],"author":[{"embeddable":true,"href":"http:\/\/www.biuro-kadrowe.pl\/index.php\/wp-json\/wp\/v2\/users\/1"}],"replies":[{"embeddable":true,"href":"http:\/\/www.biuro-kadrowe.pl\/index.php\/wp-json\/wp\/v2\/comments?post=8"}],"version-history":[{"count":10,"href":"http:\/\/www.biuro-kadrowe.pl\/index.php\/wp-json\/wp\/v2\/pages\/8\/revisions"}],"predecessor-version":[{"id":73,"href":"http:\/\/www.biuro-kadrowe.pl\/index.php\/wp-json\/wp\/v2\/pages\/8\/revisions\/73"}],"wp:attachment":[{"href":"http:\/\/www.biuro-kadrowe.pl\/index.php\/wp-json\/wp\/v2\/media?parent=8"}],"curies":[{"name":"wp","href":"https:\/\/api.w.org\/{rel}","templated":true}]}}